{"id":2,"date":"2016-05-11T20:35:34","date_gmt":"2016-05-12T02:35:34","guid":{"rendered":"http:\/\/dev.titanscores.com\/amsh\/?page_id=2"},"modified":"2017-03-26T10:00:02","modified_gmt":"2017-03-26T17:00:02","slug":"pagina-ejemplo","status":"publish","type":"page","link":"https:\/\/dev.titanscores.com\/amsh\/","title":{"rendered":"Inicio"},"content":{"rendered":"<p><strong>Pr\u00f3ximos partidos<br \/>\n<div class=\"sportspress sp-widget-align-none\"><div class=\"sp-template sp-template-event-list\">\n\t\t<div class=\"sp-table-wrapper\">\n\t\t<table class=\"sp-event-list sp-event-list-format-title sp-data-table sp-paginated-table sp-sortable-table sp-scrollable-table\" data-sp-rows=\"10\">\n\t\t\t<thead>\n\t\t\t\t<tr>\n\t\t\t\t\t<th class=\"data-date\">Fecha<\/th><th class=\"data-event\">Match<\/th><th class=\"data-time\">Hora\/Resultados<\/th><th class=\"data-league\">Competition<\/th><th class=\"data-venue\">Ground<\/th>\t\t\t\t<\/tr>\n\t\t\t<\/thead>\n\t\t\t<tbody>\n\t\t\t\t\t\t\t<\/tbody>\n\t\t<\/table>\n\t<\/div>\n\t<\/div>\n<\/div><\/strong><\/p>\n<p><a href=\"http:\/\/dev.titanscores.com\"><img loading=\"lazy\" decoding=\"async\" class=\"size-medium wp-image-1858 aligncenter\" src=\"http:\/\/dev.titanscores.com\/amsh\/wp-content\/uploads\/sites\/9\/2017\/03\/titanscores-logo-green-300x41.png\" alt=\"\" width=\"300\" height=\"41\" srcset=\"https:\/\/dev.titanscores.com\/amsh\/wp-content\/uploads\/sites\/9\/2017\/03\/titanscores-logo-green-300x41.png 300w, https:\/\/dev.titanscores.com\/amsh\/wp-content\/uploads\/sites\/9\/2017\/03\/titanscores-logo-green-768x106.png 768w, https:\/\/dev.titanscores.com\/amsh\/wp-content\/uploads\/sites\/9\/2017\/03\/titanscores-logo-green-1024x141.png 1024w, https:\/\/dev.titanscores.com\/amsh\/wp-content\/uploads\/sites\/9\/2017\/03\/titanscores-logo-green-128x18.png 128w, https:\/\/dev.titanscores.com\/amsh\/wp-content\/uploads\/sites\/9\/2017\/03\/titanscores-logo-green-32x4.png 32w\" sizes=\"(max-width: 300px) 100vw, 300px\" \/><\/a><\/p>\n<p><strong>\u00daltimos resultados<\/strong><br \/>\n<div class=\"sportspress sp-widget-align-none\"><div class=\"sp-template sp-template-event-blocks\">\n\t<div class=\"sp-table-wrapper\">\n\t\t<table class=\"sp-event-blocks sp-data-table sp-paginated-table\" data-sp-rows=\"10\">\n\t\t\t<thead><tr><th><\/th><\/tr><\/thead> \t\t\t<tbody>\n\t\t\t\t\t\t\t\t\t<tr class=\"sp-row sp-post alternate\">\n\t\t\t\t\t\t<td>\n\t\t\t\t\t\t\t\t\t\t\t\t\t\t<time class=\"sp-event-date\" datetime=\"2017-06-09 20:00:42\">\n\t\t\t\t\t\t\t\t<a href=\"https:\/\/dev.titanscores.com\/amsh\/event\/ekinos-vs-don-juan\/\">9 junio, 2017<\/a>\t\t\t\t\t\t\t<\/time>\n\t\t\t\t\t\t\t<h5 class=\"sp-event-results\">\n\t\t\t\t\t\t\t\t<a href=\"https:\/\/dev.titanscores.com\/amsh\/event\/ekinos-vs-don-juan\/\"><span class=\"sp-result\">8:00 pm<\/span><\/a>\t\t\t\t\t\t\t<\/h5>\n\t\t\t\t\t\t\t\t\t\t\t\t\t\t\t\t\t\t\t\t\t\t\t\t\t\t\t\t<h4 class=\"sp-event-title\">\n\t\t\t\t\t\t\t\t<a href=\"https:\/\/dev.titanscores.com\/amsh\/event\/ekinos-vs-don-juan\/\">EKinos vs Don Juan<\/a>\t\t\t\t\t\t\t<\/h4>\n\n\t\t\t\t\t\t<\/td>\n\t\t\t\t\t<\/tr>\n\t\t\t\t\t\t\t\t\t\t<tr class=\"sp-row sp-post\">\n\t\t\t\t\t\t<td>\n\t\t\t\t\t\t\t\t\t\t\t\t\t\t<time class=\"sp-event-date\" datetime=\"2017-06-08 20:00:53\">\n\t\t\t\t\t\t\t\t<a href=\"https:\/\/dev.titanscores.com\/amsh\/event\/suterm-49-vs-compadres\/\">8 junio, 2017<\/a>\t\t\t\t\t\t\t<\/time>\n\t\t\t\t\t\t\t<h5 class=\"sp-event-results\">\n\t\t\t\t\t\t\t\t<a href=\"https:\/\/dev.titanscores.com\/amsh\/event\/suterm-49-vs-compadres\/\"><span class=\"sp-result\">8:00 pm<\/span><\/a>\t\t\t\t\t\t\t<\/h5>\n\t\t\t\t\t\t\t\t\t\t\t\t\t\t\t\t\t\t\t\t\t\t\t\t\t\t\t\t<h4 class=\"sp-event-title\">\n\t\t\t\t\t\t\t\t<a href=\"https:\/\/dev.titanscores.com\/amsh\/event\/suterm-49-vs-compadres\/\">SUTERM 49 vs Compadres<\/a>\t\t\t\t\t\t\t<\/h4>\n\n\t\t\t\t\t\t<\/td>\n\t\t\t\t\t<\/tr>\n\t\t\t\t\t\t\t\t\t\t<tr class=\"sp-row sp-post alternate\">\n\t\t\t\t\t\t<td>\n\t\t\t\t\t\t\t\t\t\t\t\t\t\t<time class=\"sp-event-date\" datetime=\"2017-06-02 21:30:12\">\n\t\t\t\t\t\t\t\t<a href=\"https:\/\/dev.titanscores.com\/amsh\/event\/reforma-99-vs-don-juan-2\/\">2 junio, 2017<\/a>\t\t\t\t\t\t\t<\/time>\n\t\t\t\t\t\t\t<h5 class=\"sp-event-results\">\n\t\t\t\t\t\t\t\t<a href=\"https:\/\/dev.titanscores.com\/amsh\/event\/reforma-99-vs-don-juan-2\/\"><span class=\"sp-result\">6<\/span> - <span class=\"sp-result\">13<\/span><\/a>\t\t\t\t\t\t\t<\/h5>\n\t\t\t\t\t\t\t\t\t\t\t\t\t\t\t\t\t\t\t\t\t\t\t\t\t\t\t\t<h4 class=\"sp-event-title\">\n\t\t\t\t\t\t\t\t<a href=\"https:\/\/dev.titanscores.com\/amsh\/event\/reforma-99-vs-don-juan-2\/\">Reforma 99 vs Don Juan<\/a>\t\t\t\t\t\t\t<\/h4>\n\n\t\t\t\t\t\t<\/td>\n\t\t\t\t\t<\/tr>\n\t\t\t\t\t\t\t\t\t\t<tr class=\"sp-row sp-post\">\n\t\t\t\t\t\t<td>\n\t\t\t\t\t\t\t\t\t\t\t\t\t\t<time class=\"sp-event-date\" datetime=\"2017-06-02 19:30:00\">\n\t\t\t\t\t\t\t\t<a href=\"https:\/\/dev.titanscores.com\/amsh\/event\/2538\/\">2 junio, 2017<\/a>\t\t\t\t\t\t\t<\/time>\n\t\t\t\t\t\t\t<h5 class=\"sp-event-results\">\n\t\t\t\t\t\t\t\t<a href=\"https:\/\/dev.titanscores.com\/amsh\/event\/2538\/\"><span class=\"sp-result\">10<\/span> - <span class=\"sp-result\">4<\/span><\/a>\t\t\t\t\t\t\t<\/h5>\n\t\t\t\t\t\t\t\t\t\t\t\t\t\t\t\t\t\t\t\t\t\t\t\t\t\t\t\t<h4 class=\"sp-event-title\">\n\t\t\t\t\t\t\t\t<a href=\"https:\/\/dev.titanscores.com\/amsh\/event\/2538\/\">Compadres vs DG Sports<\/a>\t\t\t\t\t\t\t<\/h4>\n\n\t\t\t\t\t\t<\/td>\n\t\t\t\t\t<\/tr>\n\t\t\t\t\t\t\t\t\t\t<tr class=\"sp-row sp-post alternate\">\n\t\t\t\t\t\t<td>\n\t\t\t\t\t\t\t\t\t\t\t\t\t\t<time class=\"sp-event-date\" datetime=\"2017-06-01 21:30:54\">\n\t\t\t\t\t\t\t\t<a href=\"https:\/\/dev.titanscores.com\/amsh\/event\/97-1-la-casa-del-balero-vs-ekinos\/\">1 junio, 2017<\/a>\t\t\t\t\t\t\t<\/time>\n\t\t\t\t\t\t\t<h5 class=\"sp-event-results\">\n\t\t\t\t\t\t\t\t<a href=\"https:\/\/dev.titanscores.com\/amsh\/event\/97-1-la-casa-del-balero-vs-ekinos\/\"><span class=\"sp-result\">8<\/span> - <span class=\"sp-result\">9<\/span><\/a>\t\t\t\t\t\t\t<\/h5>\n\t\t\t\t\t\t\t\t\t\t\t\t\t\t\t\t\t\t\t\t\t\t\t\t\t\t\t\t<h4 class=\"sp-event-title\">\n\t\t\t\t\t\t\t\t<a href=\"https:\/\/dev.titanscores.com\/amsh\/event\/97-1-la-casa-del-balero-vs-ekinos\/\">97.1 La Casa del Balero vs EKinos<\/a>\t\t\t\t\t\t\t<\/h4>\n\n\t\t\t\t\t\t<\/td>\n\t\t\t\t\t<\/tr>\n\t\t\t\t\t\t\t\t\t\t<tr class=\"sp-row sp-post\">\n\t\t\t\t\t\t<td>\n\t\t\t\t\t\t\t\t\t\t\t\t\t\t<time class=\"sp-event-date\" datetime=\"2017-06-01 21:30:15\">\n\t\t\t\t\t\t\t\t<a href=\"https:\/\/dev.titanscores.com\/amsh\/event\/compadres-vs-dg-sports\/\">1 junio, 2017<\/a>\t\t\t\t\t\t\t<\/time>\n\t\t\t\t\t\t\t<h5 class=\"sp-event-results\">\n\t\t\t\t\t\t\t\t<a href=\"https:\/\/dev.titanscores.com\/amsh\/event\/compadres-vs-dg-sports\/\"><span class=\"sp-result\">2<\/span> - <span class=\"sp-result\">1<\/span><\/a>\t\t\t\t\t\t\t<\/h5>\n\t\t\t\t\t\t\t\t\t\t\t\t\t\t\t\t\t\t\t\t\t\t\t\t\t\t\t\t<h4 class=\"sp-event-title\">\n\t\t\t\t\t\t\t\t<a href=\"https:\/\/dev.titanscores.com\/amsh\/event\/compadres-vs-dg-sports\/\">Compadres vs DG Sports<\/a>\t\t\t\t\t\t\t<\/h4>\n\n\t\t\t\t\t\t<\/td>\n\t\t\t\t\t<\/tr>\n\t\t\t\t\t\t\t\t\t\t<tr class=\"sp-row sp-post alternate\">\n\t\t\t\t\t\t<td>\n\t\t\t\t\t\t\t\t\t\t\t\t\t\t<time class=\"sp-event-date\" datetime=\"2017-06-01 21:30:12\">\n\t\t\t\t\t\t\t\t<a href=\"https:\/\/dev.titanscores.com\/amsh\/event\/reforma-99-vs-don-juan\/\">1 junio, 2017<\/a>\t\t\t\t\t\t\t<\/time>\n\t\t\t\t\t\t\t<h5 class=\"sp-event-results\">\n\t\t\t\t\t\t\t\t<a href=\"https:\/\/dev.titanscores.com\/amsh\/event\/reforma-99-vs-don-juan\/\"><span class=\"sp-result\">5<\/span> - <span class=\"sp-result\">14<\/span><\/a>\t\t\t\t\t\t\t<\/h5>\n\t\t\t\t\t\t\t\t\t\t\t\t\t\t\t\t\t\t\t\t\t\t\t\t\t\t\t\t<h4 class=\"sp-event-title\">\n\t\t\t\t\t\t\t\t<a href=\"https:\/\/dev.titanscores.com\/amsh\/event\/reforma-99-vs-don-juan\/\">Reforma 99 vs Don Juan<\/a>\t\t\t\t\t\t\t<\/h4>\n\n\t\t\t\t\t\t<\/td>\n\t\t\t\t\t<\/tr>\n\t\t\t\t\t\t\t\t\t\t<tr class=\"sp-row sp-post\">\n\t\t\t\t\t\t<td>\n\t\t\t\t\t\t\t\t\t\t\t\t\t\t<time class=\"sp-event-date\" datetime=\"2017-06-01 19:30:55\">\n\t\t\t\t\t\t\t\t<a href=\"https:\/\/dev.titanscores.com\/amsh\/event\/suterm-49-vs-atlas-gapson-seguridad-privada\/\">1 junio, 2017<\/a>\t\t\t\t\t\t\t<\/time>\n\t\t\t\t\t\t\t<h5 class=\"sp-event-results\">\n\t\t\t\t\t\t\t\t<a href=\"https:\/\/dev.titanscores.com\/amsh\/event\/suterm-49-vs-atlas-gapson-seguridad-privada\/\"><span class=\"sp-result\">7<\/span> - <span class=\"sp-result\">5<\/span><\/a>\t\t\t\t\t\t\t<\/h5>\n\t\t\t\t\t\t\t\t\t\t\t\t\t\t\t\t\t\t\t\t\t\t\t\t\t\t\t\t<h4 class=\"sp-event-title\">\n\t\t\t\t\t\t\t\t<a href=\"https:\/\/dev.titanscores.com\/amsh\/event\/suterm-49-vs-atlas-gapson-seguridad-privada\/\">SUTERM 49 vs Atlas Gapson Seguridad Privada<\/a>\t\t\t\t\t\t\t<\/h4>\n\n\t\t\t\t\t\t<\/td>\n\t\t\t\t\t<\/tr>\n\t\t\t\t\t\t\t\t\t\t<tr class=\"sp-row sp-post alternate\">\n\t\t\t\t\t\t<td>\n\t\t\t\t\t\t\t\t\t\t\t\t\t\t<time class=\"sp-event-date\" datetime=\"2017-05-31 19:30:54\">\n\t\t\t\t\t\t\t\t<a href=\"https:\/\/dev.titanscores.com\/amsh\/event\/97-1-la-casa-del-balero-vs-ekinos-2\/\">31 mayo, 2017<\/a>\t\t\t\t\t\t\t<\/time>\n\t\t\t\t\t\t\t<h5 class=\"sp-event-results\">\n\t\t\t\t\t\t\t\t<a href=\"https:\/\/dev.titanscores.com\/amsh\/event\/97-1-la-casa-del-balero-vs-ekinos-2\/\"><span class=\"sp-result\">8<\/span> - <span class=\"sp-result\">9<\/span><\/a>\t\t\t\t\t\t\t<\/h5>\n\t\t\t\t\t\t\t\t\t\t\t\t\t\t\t\t\t\t\t\t\t\t\t\t\t\t\t\t<h4 class=\"sp-event-title\">\n\t\t\t\t\t\t\t\t<a href=\"https:\/\/dev.titanscores.com\/amsh\/event\/97-1-la-casa-del-balero-vs-ekinos-2\/\">97.1 La Casa del Balero vs EKinos<\/a>\t\t\t\t\t\t\t<\/h4>\n\n\t\t\t\t\t\t<\/td>\n\t\t\t\t\t<\/tr>\n\t\t\t\t\t\t\t\t\t\t<tr class=\"sp-row sp-post\">\n\t\t\t\t\t\t<td>\n\t\t\t\t\t\t\t\t\t\t\t\t\t\t<time class=\"sp-event-date\" datetime=\"2017-05-29 21:30:55\">\n\t\t\t\t\t\t\t\t<a href=\"https:\/\/dev.titanscores.com\/amsh\/event\/suterm-49-vs-atlas-gapson-seguridad-privada-3\/\">29 mayo, 2017<\/a>\t\t\t\t\t\t\t<\/time>\n\t\t\t\t\t\t\t<h5 class=\"sp-event-results\">\n\t\t\t\t\t\t\t\t<a href=\"https:\/\/dev.titanscores.com\/amsh\/event\/suterm-49-vs-atlas-gapson-seguridad-privada-3\/\"><span class=\"sp-result\">11<\/span> - <span class=\"sp-result\">4<\/span><\/a>\t\t\t\t\t\t\t<\/h5>\n\t\t\t\t\t\t\t\t\t\t\t\t\t\t\t\t\t\t\t\t\t\t\t\t\t\t\t\t<h4 class=\"sp-event-title\">\n\t\t\t\t\t\t\t\t<a href=\"https:\/\/dev.titanscores.com\/amsh\/event\/suterm-49-vs-atlas-gapson-seguridad-privada-3\/\">SUTERM 49 vs Atlas Gapson Seguridad Privada<\/a>\t\t\t\t\t\t\t<\/h4>\n\n\t\t\t\t\t\t<\/td>\n\t\t\t\t\t<\/tr>\n\t\t\t\t\t\t\t\t<\/tbody>\n\t\t<\/table>\n\t<\/div>\n\t<div class=\"sp-calendar-link sp-view-all-link\"><a href=\"https:\/\/dev.titanscores.com\/amsh\/calendar\/amsh-calendario-general\/\">View all matches<\/a><\/div><\/div><\/div>\n","protected":false},"excerpt":{"rendered":"<p>Pr\u00f3ximos partidos \u00daltimos resultados<\/p>\n","protected":false},"author":6,"featured_media":0,"parent":0,"menu_order":0,"comment_status":"closed","ping_status":"open","template":"template-homepage.php","meta":{"_exactmetrics_skip_tracking":false,"_exactmetrics_sitenote_active":false,"_exactmetrics_sitenote_note":"","_exactmetrics_sitenote_category":0,"footnotes":""},"class_list":["post-2","page","type-page","status-publish","hentry"],"yoast_head":"<!-- This site is optimized with the Yoast SEO plugin v23.1 - https:\/\/yoast.com\/wordpress\/plugins\/seo\/ -->\n<title>Inicio - Asociaci\u00f3n Municipal de Softball de Hermosillo<\/title>\n<meta name=\"robots\" content=\"index, follow, max-snippet:-1, max-image-preview:large, max-video-preview:-1\" \/>\n<link rel=\"canonical\" href=\"https:\/\/dev.titanscores.com\/amsh\/\" \/>\n<meta property=\"og:locale\" content=\"es_MX\" \/>\n<meta property=\"og:type\" content=\"article\" \/>\n<meta property=\"og:title\" content=\"Inicio - Asociaci\u00f3n Municipal de Softball de Hermosillo\" \/>\n<meta property=\"og:description\" content=\"Pr\u00f3ximos partidos \u00daltimos resultados\" \/>\n<meta property=\"og:url\" content=\"https:\/\/dev.titanscores.com\/amsh\/\" \/>\n<meta property=\"og:site_name\" content=\"Asociaci\u00f3n Municipal de Softball de Hermosillo\" \/>\n<meta property=\"article:modified_time\" content=\"2017-03-26T17:00:02+00:00\" \/>\n<meta property=\"og:image\" content=\"http:\/\/dev.titanscores.com\/amsh\/wp-content\/uploads\/sites\/9\/2017\/03\/titanscores-logo-green-300x41.png\" \/>\n<meta name=\"twitter:card\" content=\"summary_large_image\" \/>\n<script type=\"application\/ld+json\" class=\"yoast-schema-graph\">{\"@context\":\"https:\/\/schema.org\",\"@graph\":[{\"@type\":\"WebPage\",\"@id\":\"https:\/\/dev.titanscores.com\/amsh\/\",\"url\":\"https:\/\/dev.titanscores.com\/amsh\/\",\"name\":\"Inicio - Asociaci\u00f3n Municipal de Softball de Hermosillo\",\"isPartOf\":{\"@id\":\"https:\/\/dev.titanscores.com\/amsh\/#website\"},\"primaryImageOfPage\":{\"@id\":\"https:\/\/dev.titanscores.com\/amsh\/#primaryimage\"},\"image\":{\"@id\":\"https:\/\/dev.titanscores.com\/amsh\/#primaryimage\"},\"thumbnailUrl\":\"http:\/\/dev.titanscores.com\/amsh\/wp-content\/uploads\/sites\/9\/2017\/03\/titanscores-logo-green-300x41.png\",\"datePublished\":\"2016-05-12T02:35:34+00:00\",\"dateModified\":\"2017-03-26T17:00:02+00:00\",\"breadcrumb\":{\"@id\":\"https:\/\/dev.titanscores.com\/amsh\/#breadcrumb\"},\"inLanguage\":\"es\",\"potentialAction\":[{\"@type\":\"ReadAction\",\"target\":[\"https:\/\/dev.titanscores.com\/amsh\/\"]}]},{\"@type\":\"ImageObject\",\"inLanguage\":\"es\",\"@id\":\"https:\/\/dev.titanscores.com\/amsh\/#primaryimage\",\"url\":\"https:\/\/dev.titanscores.com\/amsh\/wp-content\/uploads\/sites\/9\/2017\/03\/titanscores-logo-green.png\",\"contentUrl\":\"https:\/\/dev.titanscores.com\/amsh\/wp-content\/uploads\/sites\/9\/2017\/03\/titanscores-logo-green.png\",\"width\":3333,\"height\":458},{\"@type\":\"BreadcrumbList\",\"@id\":\"https:\/\/dev.titanscores.com\/amsh\/#breadcrumb\",\"itemListElement\":[{\"@type\":\"ListItem\",\"position\":1,\"name\":\"Inicio\",\"item\":\"https:\/\/dev.titanscores.com\/amsh\/\"},{\"@type\":\"ListItem\",\"position\":2,\"name\":\"Inicio\"}]},{\"@type\":\"WebSite\",\"@id\":\"https:\/\/dev.titanscores.com\/amsh\/#website\",\"url\":\"https:\/\/dev.titanscores.com\/amsh\/\",\"name\":\"Asociaci\u00f3n Municipal de Softball de Hermosillo\",\"description\":\"\",\"potentialAction\":[{\"@type\":\"SearchAction\",\"target\":{\"@type\":\"EntryPoint\",\"urlTemplate\":\"https:\/\/dev.titanscores.com\/amsh\/?s={search_term_string}\"},\"query-input\":\"required name=search_term_string\"}],\"inLanguage\":\"es\"}]}<\/script>\n<!-- \/ Yoast SEO plugin. -->","yoast_head_json":{"title":"Inicio - Asociaci\u00f3n Municipal de Softball de Hermosillo","robots":{"index":"index","follow":"follow","max-snippet":"max-snippet:-1","max-image-preview":"max-image-preview:large","max-video-preview":"max-video-preview:-1"},"canonical":"https:\/\/dev.titanscores.com\/amsh\/","og_locale":"es_MX","og_type":"article","og_title":"Inicio - Asociaci\u00f3n Municipal de Softball de Hermosillo","og_description":"Pr\u00f3ximos partidos \u00daltimos resultados","og_url":"https:\/\/dev.titanscores.com\/amsh\/","og_site_name":"Asociaci\u00f3n Municipal de Softball de Hermosillo","article_modified_time":"2017-03-26T17:00:02+00:00","og_image":[{"url":"http:\/\/dev.titanscores.com\/amsh\/wp-content\/uploads\/sites\/9\/2017\/03\/titanscores-logo-green-300x41.png"}],"twitter_card":"summary_large_image","schema":{"@context":"https:\/\/schema.org","@graph":[{"@type":"WebPage","@id":"https:\/\/dev.titanscores.com\/amsh\/","url":"https:\/\/dev.titanscores.com\/amsh\/","name":"Inicio - Asociaci\u00f3n Municipal de Softball de Hermosillo","isPartOf":{"@id":"https:\/\/dev.titanscores.com\/amsh\/#website"},"primaryImageOfPage":{"@id":"https:\/\/dev.titanscores.com\/amsh\/#primaryimage"},"image":{"@id":"https:\/\/dev.titanscores.com\/amsh\/#primaryimage"},"thumbnailUrl":"http:\/\/dev.titanscores.com\/amsh\/wp-content\/uploads\/sites\/9\/2017\/03\/titanscores-logo-green-300x41.png","datePublished":"2016-05-12T02:35:34+00:00","dateModified":"2017-03-26T17:00:02+00:00","breadcrumb":{"@id":"https:\/\/dev.titanscores.com\/amsh\/#breadcrumb"},"inLanguage":"es","potentialAction":[{"@type":"ReadAction","target":["https:\/\/dev.titanscores.com\/amsh\/"]}]},{"@type":"ImageObject","inLanguage":"es","@id":"https:\/\/dev.titanscores.com\/amsh\/#primaryimage","url":"https:\/\/dev.titanscores.com\/amsh\/wp-content\/uploads\/sites\/9\/2017\/03\/titanscores-logo-green.png","contentUrl":"https:\/\/dev.titanscores.com\/amsh\/wp-content\/uploads\/sites\/9\/2017\/03\/titanscores-logo-green.png","width":3333,"height":458},{"@type":"BreadcrumbList","@id":"https:\/\/dev.titanscores.com\/amsh\/#breadcrumb","itemListElement":[{"@type":"ListItem","position":1,"name":"Inicio","item":"https:\/\/dev.titanscores.com\/amsh\/"},{"@type":"ListItem","position":2,"name":"Inicio"}]},{"@type":"WebSite","@id":"https:\/\/dev.titanscores.com\/amsh\/#website","url":"https:\/\/dev.titanscores.com\/amsh\/","name":"Asociaci\u00f3n Municipal de Softball de Hermosillo","description":"","potentialAction":[{"@type":"SearchAction","target":{"@type":"EntryPoint","urlTemplate":"https:\/\/dev.titanscores.com\/amsh\/?s={search_term_string}"},"query-input":"required name=search_term_string"}],"inLanguage":"es"}]}},"_links":{"self":[{"href":"https:\/\/dev.titanscores.com\/amsh\/wp-json\/wp\/v2\/pages\/2"}],"collection":[{"href":"https:\/\/dev.titanscores.com\/amsh\/wp-json\/wp\/v2\/pages"}],"about":[{"href":"https:\/\/dev.titanscores.com\/amsh\/wp-json\/wp\/v2\/types\/page"}],"author":[{"embeddable":true,"href":"https:\/\/dev.titanscores.com\/amsh\/wp-json\/wp\/v2\/users\/6"}],"replies":[{"embeddable":true,"href":"https:\/\/dev.titanscores.com\/amsh\/wp-json\/wp\/v2\/comments?post=2"}],"version-history":[{"count":10,"href":"https:\/\/dev.titanscores.com\/amsh\/wp-json\/wp\/v2\/pages\/2\/revisions"}],"predecessor-version":[{"id":2198,"href":"https:\/\/dev.titanscores.com\/amsh\/wp-json\/wp\/v2\/pages\/2\/revisions\/2198"}],"wp:attachment":[{"href":"https:\/\/dev.titanscores.com\/amsh\/wp-json\/wp\/v2\/media?parent=2"}],"curies":[{"name":"wp","href":"https:\/\/api.w.org\/{rel}","templated":true}]}}